{"id":283,"date":"2018-04-05T10:11:58","date_gmt":"2018-04-05T10:11:58","guid":{"rendered":"http:\/\/bridge208.qodeinteractive.com\/?page_id=283"},"modified":"2021-12-31T09:02:54","modified_gmt":"2021-12-31T08:02:54","slug":"contact","status":"publish","type":"page","link":"https:\/\/aw-danismanlik.com.tr\/nl\/contact\/","title":{"rendered":"Contact"},"content":{"rendered":"<p>[vc_row css_animation=&#8221;&#8221; row_type=&#8221;row&#8221; use_row_as_full_screen_section=&#8221;no&#8221; type=&#8221;grid&#8221; angled_section=&#8221;no&#8221; text_align=&#8221;left&#8221; background_image_as_pattern=&#8221;without_pattern&#8221; el_class=&#8221;onzText1&#8243; z_index=&#8221;&#8221;][vc_column][vc_empty_space height=&#8221;30px&#8221;][vc_empty_space height=&#8221;30px&#8221; el_class=&#8221;hideMob&#8221;][\/vc_column][vc_column width=&#8221;1\/2&#8243;][vc_column_text]<\/p>\n<div class=\"col-lg-6\">\n<div class=\"measure-wide z-5 position-relative\">\n<h5 class=\"text-primary\">Contact<\/h5>\n<\/div>\n<\/div>\n<p>[\/vc_column_text][vc_empty_space height=&#8221;22px&#8221;][vc_column_text]<\/p>\n<div class=\"col-lg-6\">\n<div class=\"measure-wide z-5 position-relative\">\n<h2 class=\"display-4\">De ervaren partner voor handelsmissies met China, Turkije of Europa<\/h2>\n<\/div>\n<\/div>\n<p>[\/vc_column_text][vc_empty_space height=&#8221;24px&#8221;][\/vc_column][vc_column width=&#8221;1\/2&#8243;][vc_column_text]<\/p>\n<h6>Bezoekadres<\/h6>\n<h4><strong>AW Trading Consultant<\/strong><\/h4>\n<p>Ku\u015ftepe mah<br \/>\nMecidiyek\u00f6y yolu cad<br \/>\nTrump tower<br \/>\nNo 12 i\u00e7 kap\u0131 no: 18 \u015fi\u015fli istanbul<br \/>\n<a href=\"mailto:info@aw-danismanlik.com.tr\">info@aw-danismanlik.com.tr<\/a>[\/vc_column_text][\/vc_column][\/vc_row][vc_row css_animation=&#8221;&#8221; row_type=&#8221;row&#8221; use_row_as_full_screen_section=&#8221;no&#8221; type=&#8221;grid&#8221; angled_section=&#8221;no&#8221; text_align=&#8221;left&#8221; background_image_as_pattern=&#8221;without_pattern&#8221; z_index=&#8221;&#8221; el_class=&#8221;formRow&#8221;][vc_column][vc_empty_space height=&#8221;50px&#8221; el_class=&#8221;hideMob&#8221;][vc_empty_space height=&#8221;50px&#8221;][\/vc_column][vc_column width=&#8221;5\/12&#8243;][vc_column_text]<\/p>\n<h4>Heb je een vraag? Gebruik het contactformulier of bel ons op<br \/>\n<a href=\"tel:0031707013331\">+31(0) 70 7013331<\/a><\/h4>\n<p>[\/vc_column_text][vc_empty_space height=&#8221;20px&#8221;][vc_column_text]<\/p>\n<h5>Let op, wij hanteren een minimale afname van een 20ft container of een orderwaarde van $10.000+<\/h5>\n<p>[\/vc_column_text][\/vc_column][vc_column width=&#8221;7\/12&#8243;]<div role=\"form\" class=\"wpcf7\" id=\"wpcf7-f7-o1\" lang=\"nl-NL\" dir=\"ltr\">\n<div class=\"screen-reader-response\"><p role=\"status\" aria-live=\"polite\" aria-atomic=\"true\"><\/p> <ul><\/ul><\/div>\n<form action=\"\/nl\/wp-json\/wp\/v2\/pages\/283#wpcf7-f7-o1\" method=\"post\" class=\"wpcf7-form init cf7_custom_style_1\" novalidate=\"novalidate\" data-status=\"init\">\n<div style=\"display: none;\">\n<input type=\"hidden\" name=\"_wpcf7\" value=\"7\" \/>\n<input type=\"hidden\" name=\"_wpcf7_version\" value=\"5.5.3\" \/>\n<input type=\"hidden\" name=\"_wpcf7_locale\" value=\"nl_NL\" \/>\n<input type=\"hidden\" name=\"_wpcf7_unit_tag\" value=\"wpcf7-f7-o1\" \/>\n<input type=\"hidden\" name=\"_wpcf7_container_post\" value=\"0\" \/>\n<input type=\"hidden\" name=\"_wpcf7_posted_data_hash\" value=\"\" \/>\n<\/div>\n<p><label> Je naam<br \/>\n    <span class=\"wpcf7-form-control-wrap your-name\"><input type=\"text\" name=\"your-name\" value=\"\" size=\"40\" class=\"wpcf7-form-control wpcf7-text wpcf7-validates-as-required\" aria-required=\"true\" aria-invalid=\"false\" \/><\/span> <\/label><\/p>\n<p><label> Je e-mailadres<br \/>\n    <span class=\"wpcf7-form-control-wrap your-email\"><input type=\"email\" name=\"your-email\" value=\"\" size=\"40\" class=\"wpcf7-form-control wpcf7-text wpcf7-email wpcf7-validates-as-required wpcf7-validates-as-email\" aria-required=\"true\" aria-invalid=\"false\" \/><\/span> <\/label><\/p>\n<p><label> Onderwerp<br \/>\n    <span class=\"wpcf7-form-control-wrap your-subject\"><input type=\"text\" name=\"your-subject\" value=\"\" size=\"40\" class=\"wpcf7-form-control wpcf7-text wpcf7-validates-as-required\" aria-required=\"true\" aria-invalid=\"false\" \/><\/span> <\/label><\/p>\n<p><label> Bericht (optioneel)<br \/>\n    <span class=\"wpcf7-form-control-wrap your-message\"><textarea name=\"your-message\" cols=\"40\" rows=\"10\" class=\"wpcf7-form-control wpcf7-textarea\" aria-invalid=\"false\"><\/textarea><\/span> <\/label><\/p>\n<p><input type=\"submit\" value=\"Verzenden\" class=\"wpcf7-form-control has-spinner wpcf7-submit\" \/><\/p>\n<div class=\"wpcf7-response-output\" aria-hidden=\"true\"><\/div><\/form><\/div>[\/vc_column][vc_column][vc_empty_space height=&#8221;60px&#8221;][\/vc_column][\/vc_row]<\/p>\n","protected":false},"excerpt":{"rendered":"<p>[vc_row css_animation=&#8221;&#8221; row_type=&#8221;row&#8221; use_row_as_full_screen_section=&#8221;no&#8221; type=&#8221;grid&#8221; angled_section=&#8221;no&#8221; text_align=&#8221;left&#8221; background_image_as_pattern=&#8221;without_pattern&#8221; el_class=&#8221;onzText1&#8243; z_index=&#8221;&#8221;][vc_column][vc_empty_space height=&#8221;30px&#8221;][vc_empty_space height=&#8221;30px&#8221; el_class=&#8221;hideMob&#8221;][\/vc_column][vc_column width=&#8221;1\/2&#8243;][vc_column_text] Contact [\/vc_column_text][vc_empty_space height=&#8221;22px&#8221;][vc_column_text] De ervaren partner voor handelsmissies met China, Turkije of Europa [\/vc_column_text][vc_empty_space height=&#8221;24px&#8221;][\/vc_column][vc_column width=&#8221;1\/2&#8243;][vc_column_text] Bezoekadres AW Trading Consultant Ku\u015ftepe mah Mecidiyek\u00f6y yolu cad Trump tower No 12 i\u00e7 kap\u0131&#8230;<\/p>\n","protected":false},"author":3,"featured_media":0,"parent":0,"menu_order":0,"comment_status":"closed","ping_status":"closed","template":"","meta":[],"yoast_head":"<!-- This site is optimized with the Yoast SEO plugin v17.8 - https:\/\/yoast.com\/wordpress\/plugins\/seo\/ -->\n<title>Contact - Aw Trading consultant<\/title>\n<meta name=\"robots\" content=\"index, follow, max-snippet:-1, max-image-preview:large, max-video-preview:-1\" \/>\n<link rel=\"canonical\" href=\"https:\/\/aw-danismanlik.com.tr\/nl\/contact\/\" \/>\n<meta property=\"og:locale\" content=\"nl_NL\" \/>\n<meta property=\"og:type\" content=\"article\" \/>\n<meta property=\"og:title\" content=\"Contact - Aw Trading consultant\" \/>\n<meta property=\"og:description\" content=\"[vc_row css_animation=&#8221;&#8221; row_type=&#8221;row&#8221; use_row_as_full_screen_section=&#8221;no&#8221; type=&#8221;grid&#8221; angled_section=&#8221;no&#8221; text_align=&#8221;left&#8221; background_image_as_pattern=&#8221;without_pattern&#8221; el_class=&#8221;onzText1&#8243; z_index=&#8221;&#8221;][vc_column][vc_empty_space height=&#8221;30px&#8221;][vc_empty_space height=&#8221;30px&#8221; el_class=&#8221;hideMob&#8221;][\/vc_column][vc_column width=&#8221;1\/2&#8243;][vc_column_text] Contact [\/vc_column_text][vc_empty_space height=&#8221;22px&#8221;][vc_column_text] De ervaren partner voor handelsmissies met China, Turkije of Europa [\/vc_column_text][vc_empty_space height=&#8221;24px&#8221;][\/vc_column][vc_column width=&#8221;1\/2&#8243;][vc_column_text] Bezoekadres AW Trading Consultant Ku\u015ftepe mah Mecidiyek\u00f6y yolu cad Trump tower No 12 i\u00e7 kap\u0131...\" \/>\n<meta property=\"og:url\" content=\"https:\/\/aw-danismanlik.com.tr\/nl\/contact\/\" \/>\n<meta property=\"og:site_name\" content=\"Aw Trading consultant\" \/>\n<meta property=\"article:modified_time\" content=\"2021-12-31T08:02:54+00:00\" \/>\n<meta name=\"twitter:card\" content=\"summary_large_image\" \/>\n<meta name=\"twitter:label1\" content=\"Geschatte leestijd\" \/>\n\t<meta name=\"twitter:data1\" content=\"1 minuut\" \/>\n<script type=\"application\/ld+json\" class=\"yoast-schema-graph\">{\"@context\":\"https:\/\/schema.org\",\"@graph\":[{\"@type\":\"WebSite\",\"@id\":\"https:\/\/aw-danismanlik.com.tr\/#website\",\"url\":\"https:\/\/aw-danismanlik.com.tr\/\",\"name\":\"Aw Trading consultant\",\"description\":\"Wij helpen nieuwe en ervaren handelaren\",\"potentialAction\":[{\"@type\":\"SearchAction\",\"target\":{\"@type\":\"EntryPoint\",\"urlTemplate\":\"https:\/\/aw-danismanlik.com.tr\/?s={search_term_string}\"},\"query-input\":\"required name=search_term_string\"}],\"inLanguage\":\"nl\"},{\"@type\":\"WebPage\",\"@id\":\"https:\/\/aw-danismanlik.com.tr\/nl\/contact\/#webpage\",\"url\":\"https:\/\/aw-danismanlik.com.tr\/nl\/contact\/\",\"name\":\"Contact - Aw Trading consultant\",\"isPartOf\":{\"@id\":\"https:\/\/aw-danismanlik.com.tr\/#website\"},\"datePublished\":\"2018-04-05T10:11:58+00:00\",\"dateModified\":\"2021-12-31T08:02:54+00:00\",\"breadcrumb\":{\"@id\":\"https:\/\/aw-danismanlik.com.tr\/nl\/contact\/#breadcrumb\"},\"inLanguage\":\"nl\",\"potentialAction\":[{\"@type\":\"ReadAction\",\"target\":[\"https:\/\/aw-danismanlik.com.tr\/nl\/contact\/\"]}]},{\"@type\":\"BreadcrumbList\",\"@id\":\"https:\/\/aw-danismanlik.com.tr\/nl\/contact\/#breadcrumb\",\"itemListElement\":[{\"@type\":\"ListItem\",\"position\":1,\"name\":\"Home\",\"item\":\"https:\/\/aw-danismanlik.com.tr\/nl\/\"},{\"@type\":\"ListItem\",\"position\":2,\"name\":\"Contact\"}]}]}<\/script>\n<!-- \/ Yoast SEO plugin. -->","yoast_head_json":{"title":"Contact - Aw Trading consultant","robots":{"index":"index","follow":"follow","max-snippet":"max-snippet:-1","max-image-preview":"max-image-preview:large","max-video-preview":"max-video-preview:-1"},"canonical":"https:\/\/aw-danismanlik.com.tr\/nl\/contact\/","og_locale":"nl_NL","og_type":"article","og_title":"Contact - Aw Trading consultant","og_description":"[vc_row css_animation=&#8221;&#8221; row_type=&#8221;row&#8221; use_row_as_full_screen_section=&#8221;no&#8221; type=&#8221;grid&#8221; angled_section=&#8221;no&#8221; text_align=&#8221;left&#8221; background_image_as_pattern=&#8221;without_pattern&#8221; el_class=&#8221;onzText1&#8243; z_index=&#8221;&#8221;][vc_column][vc_empty_space height=&#8221;30px&#8221;][vc_empty_space height=&#8221;30px&#8221; el_class=&#8221;hideMob&#8221;][\/vc_column][vc_column width=&#8221;1\/2&#8243;][vc_column_text] Contact [\/vc_column_text][vc_empty_space height=&#8221;22px&#8221;][vc_column_text] De ervaren partner voor handelsmissies met China, Turkije of Europa [\/vc_column_text][vc_empty_space height=&#8221;24px&#8221;][\/vc_column][vc_column width=&#8221;1\/2&#8243;][vc_column_text] Bezoekadres AW Trading Consultant Ku\u015ftepe mah Mecidiyek\u00f6y yolu cad Trump tower No 12 i\u00e7 kap\u0131...","og_url":"https:\/\/aw-danismanlik.com.tr\/nl\/contact\/","og_site_name":"Aw Trading consultant","article_modified_time":"2021-12-31T08:02:54+00:00","twitter_card":"summary_large_image","twitter_misc":{"Geschatte leestijd":"1 minuut"},"schema":{"@context":"https:\/\/schema.org","@graph":[{"@type":"WebSite","@id":"https:\/\/aw-danismanlik.com.tr\/#website","url":"https:\/\/aw-danismanlik.com.tr\/","name":"Aw Trading consultant","description":"Wij helpen nieuwe en ervaren handelaren","potentialAction":[{"@type":"SearchAction","target":{"@type":"EntryPoint","urlTemplate":"https:\/\/aw-danismanlik.com.tr\/?s={search_term_string}"},"query-input":"required name=search_term_string"}],"inLanguage":"nl"},{"@type":"WebPage","@id":"https:\/\/aw-danismanlik.com.tr\/nl\/contact\/#webpage","url":"https:\/\/aw-danismanlik.com.tr\/nl\/contact\/","name":"Contact - Aw Trading consultant","isPartOf":{"@id":"https:\/\/aw-danismanlik.com.tr\/#website"},"datePublished":"2018-04-05T10:11:58+00:00","dateModified":"2021-12-31T08:02:54+00:00","breadcrumb":{"@id":"https:\/\/aw-danismanlik.com.tr\/nl\/contact\/#breadcrumb"},"inLanguage":"nl","potentialAction":[{"@type":"ReadAction","target":["https:\/\/aw-danismanlik.com.tr\/nl\/contact\/"]}]},{"@type":"BreadcrumbList","@id":"https:\/\/aw-danismanlik.com.tr\/nl\/contact\/#breadcrumb","itemListElement":[{"@type":"ListItem","position":1,"name":"Home","item":"https:\/\/aw-danismanlik.com.tr\/nl\/"},{"@type":"ListItem","position":2,"name":"Contact"}]}]}},"_links":{"self":[{"href":"https:\/\/aw-danismanlik.com.tr\/nl\/wp-json\/wp\/v2\/pages\/283"}],"collection":[{"href":"https:\/\/aw-danismanlik.com.tr\/nl\/wp-json\/wp\/v2\/pages"}],"about":[{"href":"https:\/\/aw-danismanlik.com.tr\/nl\/wp-json\/wp\/v2\/types\/page"}],"author":[{"embeddable":true,"href":"https:\/\/aw-danismanlik.com.tr\/nl\/wp-json\/wp\/v2\/users\/3"}],"replies":[{"embeddable":true,"href":"https:\/\/aw-danismanlik.com.tr\/nl\/wp-json\/wp\/v2\/comments?post=283"}],"version-history":[{"count":28,"href":"https:\/\/aw-danismanlik.com.tr\/nl\/wp-json\/wp\/v2\/pages\/283\/revisions"}],"predecessor-version":[{"id":807,"href":"https:\/\/aw-danismanlik.com.tr\/nl\/wp-json\/wp\/v2\/pages\/283\/revisions\/807"}],"wp:attachment":[{"href":"https:\/\/aw-danismanlik.com.tr\/nl\/wp-json\/wp\/v2\/media?parent=283"}],"curies":[{"name":"wp","href":"https:\/\/api.w.org\/{rel}","templated":true}]}}